{"id":1874,"date":"2025-12-10T14:11:29","date_gmt":"2025-12-10T14:11:29","guid":{"rendered":"https:\/\/olszewskipawel.pl\/?page_id=1874"},"modified":"2025-12-10T14:39:46","modified_gmt":"2025-12-10T14:39:46","slug":"blog","status":"publish","type":"page","link":"https:\/\/olszewskipawel.pl\/en\/blog\/","title":{"rendered":"Blog"},"content":{"rendered":"<div data-elementor-type=\"wp-page\" data-elementor-id=\"1874\" class=\"elementor elementor-1874\" data-elementor-post-type=\"page\">\n\t\t\t\t<div class=\"elementor-element elementor-element-4624c88 e-flex e-con-boxed e-con e-parent\" data-id=\"4624c88\" data-element_type=\"container\" data-e-type=\"container\" data-settings=\"{&quot;background_background&quot;:&quot;classic&quot;}\">\n\t\t\t\t\t<div class=\"e-con-inner\">\n\t\t\t\t<div class=\"elementor-element elementor-element-6d5b188 elementor-widget elementor-widget-hfe-breadcrumbs-widget\" data-id=\"6d5b188\" data-element_type=\"widget\" data-e-type=\"widget\" data-widget_type=\"hfe-breadcrumbs-widget.default\">\n\t\t\t\t<div class=\"elementor-widget-container\">\n\t\t\t\t\t<nav aria-label=\"Breadcrumb\"><ul class=\"hfe-breadcrumbs hfe-breadcrumbs-show-home\"><li class=\"hfe-breadcrumbs-item hfe-breadcrumbs-first\"><span class=\"hfe-breadcrumbs-home-icon\"><i aria-hidden=\"true\" class=\"fas fa-home\"><\/i><\/span><a href=\"https:\/\/olszewskipawel.pl\/en\"><span class=\"hfe-breadcrumbs-text\">OlszewskiPawel.pl<\/span><\/a><\/li><\/ul><\/nav>\t\t\t\t<\/div>\n\t\t\t\t<\/div>\n\t\t\t\t<div class=\"elementor-element elementor-element-481a8ac animated-fast elementor-invisible elementor-widget elementor-widget-heading\" data-id=\"481a8ac\" data-element_type=\"widget\" data-e-type=\"widget\" data-settings=\"{&quot;_animation&quot;:&quot;fadeIn&quot;}\" data-widget_type=\"heading.default\">\n\t\t\t\t<div class=\"elementor-widget-container\">\n\t\t\t\t\t<h1 class=\"elementor-heading-title elementor-size-default\">Blog<\/h1>\t\t\t\t<\/div>\n\t\t\t\t<\/div>\n\t\t\t\t\t<\/div>\n\t\t\t\t<\/div>\n\t\t<div class=\"elementor-element elementor-element-4a17ec7 e-flex e-con-boxed e-con e-parent\" data-id=\"4a17ec7\" data-element_type=\"container\" data-e-type=\"container\">\n\t\t\t\t\t<div class=\"e-con-inner\">\n\t\t\t\t<div class=\"elementor-element elementor-element-210ea9f elementor-grid-1 elementor-posts--thumbnail-left elementor-posts--align-left elementor-widget__width-inherit elementor-grid-tablet-1 elementor-grid-mobile-1 elementor-widget elementor-widget-posts\" data-id=\"210ea9f\" data-element_type=\"widget\" data-e-type=\"widget\" data-settings=\"{&quot;classic_columns&quot;:&quot;1&quot;,&quot;classic_row_gap&quot;:{&quot;unit&quot;:&quot;px&quot;,&quot;size&quot;:40,&quot;sizes&quot;:[]},&quot;classic_columns_tablet&quot;:&quot;1&quot;,&quot;pagination_type&quot;:&quot;numbers&quot;,&quot;classic_columns_mobile&quot;:&quot;1&quot;,&quot;classic_row_gap_tablet&quot;:{&quot;unit&quot;:&quot;px&quot;,&quot;size&quot;:&quot;&quot;,&quot;sizes&quot;:[]},&quot;classic_row_gap_mobile&quot;:{&quot;unit&quot;:&quot;px&quot;,&quot;size&quot;:&quot;&quot;,&quot;sizes&quot;:[]}}\" data-widget_type=\"posts.classic\">\n\t\t\t\t<div class=\"elementor-widget-container\">\n\t\t\t\t\t\t\t<div class=\"elementor-posts-container elementor-posts elementor-posts--skin-classic elementor-grid\" role=\"list\">\n\t\t\t\t<article class=\"elementor-post elementor-grid-item post-2081 post type-post status-publish format-standard has-post-thumbnail hentry category-blog\" role=\"listitem\">\n\t\t\t\t<a class=\"elementor-post__thumbnail__link\" href=\"https:\/\/olszewskipawel.pl\/en\/endoproteza-biodra-a-buty-na-obcasie-czy-to-bezpieczne\/\" tabindex=\"-1\">\n\t\t\t<div class=\"elementor-post__thumbnail\"><img fetchpriority=\"high\" decoding=\"async\" width=\"800\" height=\"448\" src=\"https:\/\/olszewskipawel.pl\/wp-content\/uploads\/2026\/05\/endoproteza-biodra-a-buty-na-obcasie-1024x574.jpg\" class=\"attachment-large size-large wp-image-2083\" alt=\"endoproteza biodra a buty na obcasie\" srcset=\"https:\/\/olszewskipawel.pl\/wp-content\/uploads\/2026\/05\/endoproteza-biodra-a-buty-na-obcasie-1024x574.jpg 1024w, https:\/\/olszewskipawel.pl\/wp-content\/uploads\/2026\/05\/endoproteza-biodra-a-buty-na-obcasie-300x168.jpg 300w, https:\/\/olszewskipawel.pl\/wp-content\/uploads\/2026\/05\/endoproteza-biodra-a-buty-na-obcasie-768x430.jpg 768w, https:\/\/olszewskipawel.pl\/wp-content\/uploads\/2026\/05\/endoproteza-biodra-a-buty-na-obcasie-1536x861.jpg 1536w, https:\/\/olszewskipawel.pl\/wp-content\/uploads\/2026\/05\/endoproteza-biodra-a-buty-na-obcasie-18x10.jpg 18w, https:\/\/olszewskipawel.pl\/wp-content\/uploads\/2026\/05\/endoproteza-biodra-a-buty-na-obcasie.jpg 2000w\" sizes=\"(max-width: 800px) 100vw, 800px\" \/><\/div>\n\t\t<\/a>\n\t\t\t\t<div class=\"elementor-post__text\">\n\t\t\t\t<h3 class=\"elementor-post__title\">\n\t\t\t<a href=\"https:\/\/olszewskipawel.pl\/en\/endoproteza-biodra-a-buty-na-obcasie-czy-to-bezpieczne\/\">\n\t\t\t\tEndoproteza biodra a buty na obcasie. Czy to bezpieczne?\t\t\t<\/a>\n\t\t<\/h3>\n\t\t\t\t<div class=\"elementor-post__meta-data\">\n\t\t\t\t\t<span class=\"elementor-post-author\">\n\t\t\tDr Pawe\u0142 Olszewski\t\t<\/span>\n\t\t\t\t<span class=\"elementor-post-date\">\n\t\t\tMay 4, 2026\t\t<\/span>\n\t\t\t\t<\/div>\n\t\t\t\t<div class=\"elementor-post__excerpt\">\n\t\t\t<p>Po endoprotezoplastyce biodra wiele os\u00f3b wraca do aktywno\u015bci, kt\u00f3re wcze\u015bniej by\u0142y trudne z powodu b\u00f3lu i ogranicze\u0144 ruchu. Naturalnie pojawia si\u0119 te\u017c pytanie o eleganckie obuwie, zw\u0142aszcza o buty na obcasie. Tu odpowied\u017a nie jest zero jedynkowa, bo liczy si\u0119 czas od operacji, stabilno\u015b\u0107 chodu, si\u0142a mi\u0119\u015bni, zakres ruchu i to, czy nie wyst\u0119puj\u0105 niepokoj\u0105ce dolegliwo\u015bci. Najwa\u017cniejsze jest bezpiecze\u0144stwo endoprotezy<\/p>\n\t\t<\/div>\n\t\t\n\t\t<a class=\"elementor-post__read-more\" href=\"https:\/\/olszewskipawel.pl\/en\/endoproteza-biodra-a-buty-na-obcasie-czy-to-bezpieczne\/\" aria-label=\"Read more about Endoproteza biodra a buty na obcasie. Czy to bezpieczne?\" tabindex=\"-1\">\n\t\t\tRead more\t\t<\/a>\n\n\t\t\t\t<\/div>\n\t\t\t\t<\/article>\n\t\t\t\t<article class=\"elementor-post elementor-grid-item post-2055 post type-post status-publish format-standard has-post-thumbnail hentry category-blog\" role=\"listitem\">\n\t\t\t\t<a class=\"elementor-post__thumbnail__link\" href=\"https:\/\/olszewskipawel.pl\/en\/endoproteza-biodra-opinie-pacjentow-i-najwazniejsze-informacje-o-zabiegu\/\" tabindex=\"-1\">\n\t\t\t<div class=\"elementor-post__thumbnail\"><img decoding=\"async\" width=\"800\" height=\"533\" src=\"https:\/\/olszewskipawel.pl\/wp-content\/uploads\/2026\/04\/endoproteza-biodra-opinie-pacjentow-1024x682.jpg\" class=\"attachment-large size-large wp-image-2056\" alt=\"endoproteza biodra opinie pacjent\u00f3w\" srcset=\"https:\/\/olszewskipawel.pl\/wp-content\/uploads\/2026\/04\/endoproteza-biodra-opinie-pacjentow-1024x682.jpg 1024w, https:\/\/olszewskipawel.pl\/wp-content\/uploads\/2026\/04\/endoproteza-biodra-opinie-pacjentow-300x200.jpg 300w, https:\/\/olszewskipawel.pl\/wp-content\/uploads\/2026\/04\/endoproteza-biodra-opinie-pacjentow-768x512.jpg 768w, https:\/\/olszewskipawel.pl\/wp-content\/uploads\/2026\/04\/endoproteza-biodra-opinie-pacjentow-1536x1024.jpg 1536w, https:\/\/olszewskipawel.pl\/wp-content\/uploads\/2026\/04\/endoproteza-biodra-opinie-pacjentow-18x12.jpg 18w, https:\/\/olszewskipawel.pl\/wp-content\/uploads\/2026\/04\/endoproteza-biodra-opinie-pacjentow.jpg 2000w\" sizes=\"(max-width: 800px) 100vw, 800px\" \/><\/div>\n\t\t<\/a>\n\t\t\t\t<div class=\"elementor-post__text\">\n\t\t\t\t<h3 class=\"elementor-post__title\">\n\t\t\t<a href=\"https:\/\/olszewskipawel.pl\/en\/endoproteza-biodra-opinie-pacjentow-i-najwazniejsze-informacje-o-zabiegu\/\">\n\t\t\t\tEndoproteza biodra &#8211; Opinie pacjent\u00f3w i najwa\u017cniejsze informacje o zabiegu\t\t\t<\/a>\n\t\t<\/h3>\n\t\t\t\t<div class=\"elementor-post__meta-data\">\n\t\t\t\t\t<span class=\"elementor-post-author\">\n\t\t\tDr Pawe\u0142 Olszewski\t\t<\/span>\n\t\t\t\t<span class=\"elementor-post-date\">\n\t\t\tApril 22, 2026\t\t<\/span>\n\t\t\t\t<\/div>\n\t\t\t\t<div class=\"elementor-post__excerpt\">\n\t\t\t<p>Endoproteza biodra to rozwi\u0105zanie skierowane przede wszystkim do os\u00f3b z zaawansowanymi zmianami zwyrodnieniowymi stawu biodrowego. Stosuj\u0105c nowoczesne metody, zabieg endoprotezy biodra staje si\u0119 mniej inwazyjny, efekty leczenia skuteczniejsze, a proces rehabilitacji, czyli dochodzenia do sprawno\u015bci, znacznie kr\u00f3tszy. Pozytywne opinie pacjent\u00f3w potwierdzaj\u0105, \u017ce to krok w stron\u0119 \u017cycia bez b\u00f3lu. W naszym artykule poznasz: opinie pacjent\u00f3w ju\u017c po zabiegu endoprotezy biodra,<\/p>\n\t\t<\/div>\n\t\t\n\t\t<a class=\"elementor-post__read-more\" href=\"https:\/\/olszewskipawel.pl\/en\/endoproteza-biodra-opinie-pacjentow-i-najwazniejsze-informacje-o-zabiegu\/\" aria-label=\"Read more about Endoproteza biodra &#8211; Opinie pacjent\u00f3w i najwa\u017cniejsze informacje o zabiegu\" tabindex=\"-1\">\n\t\t\tRead more\t\t<\/a>\n\n\t\t\t\t<\/div>\n\t\t\t\t<\/article>\n\t\t\t\t<article class=\"elementor-post elementor-grid-item post-2049 post type-post status-publish format-standard has-post-thumbnail hentry category-blog\" role=\"listitem\">\n\t\t\t\t<a class=\"elementor-post__thumbnail__link\" href=\"https:\/\/olszewskipawel.pl\/en\/czy-mozna-uniknac-wymiany-stawu-biodrowego\/\" tabindex=\"-1\">\n\t\t\t<div class=\"elementor-post__thumbnail\"><img decoding=\"async\" width=\"800\" height=\"533\" src=\"https:\/\/olszewskipawel.pl\/wp-content\/uploads\/2026\/04\/czy-mozna-uniknac-wymiany-stawu-biodrowego-1024x682.jpg\" class=\"attachment-large size-large wp-image-2051\" alt=\"czy mo\u017cna unikn\u0105\u0107 wymiany stawu biodrowego\" srcset=\"https:\/\/olszewskipawel.pl\/wp-content\/uploads\/2026\/04\/czy-mozna-uniknac-wymiany-stawu-biodrowego-1024x682.jpg 1024w, https:\/\/olszewskipawel.pl\/wp-content\/uploads\/2026\/04\/czy-mozna-uniknac-wymiany-stawu-biodrowego-300x200.jpg 300w, https:\/\/olszewskipawel.pl\/wp-content\/uploads\/2026\/04\/czy-mozna-uniknac-wymiany-stawu-biodrowego-768x512.jpg 768w, https:\/\/olszewskipawel.pl\/wp-content\/uploads\/2026\/04\/czy-mozna-uniknac-wymiany-stawu-biodrowego-1536x1024.jpg 1536w, https:\/\/olszewskipawel.pl\/wp-content\/uploads\/2026\/04\/czy-mozna-uniknac-wymiany-stawu-biodrowego-18x12.jpg 18w, https:\/\/olszewskipawel.pl\/wp-content\/uploads\/2026\/04\/czy-mozna-uniknac-wymiany-stawu-biodrowego.jpg 2000w\" sizes=\"(max-width: 800px) 100vw, 800px\" \/><\/div>\n\t\t<\/a>\n\t\t\t\t<div class=\"elementor-post__text\">\n\t\t\t\t<h3 class=\"elementor-post__title\">\n\t\t\t<a href=\"https:\/\/olszewskipawel.pl\/en\/czy-mozna-uniknac-wymiany-stawu-biodrowego\/\">\n\t\t\t\tCzy mo\u017cna unikn\u0105\u0107 wymiany stawu biodrowego? (Endoproteza)\t\t\t<\/a>\n\t\t<\/h3>\n\t\t\t\t<div class=\"elementor-post__meta-data\">\n\t\t\t\t\t<span class=\"elementor-post-author\">\n\t\t\tDr Pawe\u0142 Olszewski\t\t<\/span>\n\t\t\t\t<span class=\"elementor-post-date\">\n\t\t\tApril 15, 2026\t\t<\/span>\n\t\t\t\t<\/div>\n\t\t\t\t<div class=\"elementor-post__excerpt\">\n\t\t\t<p>B\u00f3l biodra potrafi skutecznie utrudni\u0107 \u017cycie &#8211; i nic dziwnego, \u017ce wiele os\u00f3b obawia si\u0119 momentu, w kt\u00f3rym ortopeda powie \u201eczas na endoprotez\u0119\u201d. Wok\u00f3\u0142 tego tematu naros\u0142o mn\u00f3stwo mit\u00f3w: jedni twierdz\u0105, \u017ce operacja to nieunikniona przysz\u0142o\u015b\u0107, inni &#8211; \u017ce wystarczy kilka \u0107wicze\u0144 i problem znika. Prawda jak zwykle le\u017cy po\u015brodku. S\u0105 sytuacje, w kt\u00f3rych wymiana stawu biodrowego rzeczywi\u015bcie staje si\u0119<\/p>\n\t\t<\/div>\n\t\t\n\t\t<a class=\"elementor-post__read-more\" href=\"https:\/\/olszewskipawel.pl\/en\/czy-mozna-uniknac-wymiany-stawu-biodrowego\/\" aria-label=\"Read more about Czy mo\u017cna unikn\u0105\u0107 wymiany stawu biodrowego? (Endoproteza)\" tabindex=\"-1\">\n\t\t\tRead more\t\t<\/a>\n\n\t\t\t\t<\/div>\n\t\t\t\t<\/article>\n\t\t\t\t<article class=\"elementor-post elementor-grid-item post-2041 post type-post status-publish format-standard has-post-thumbnail hentry category-blog\" role=\"listitem\">\n\t\t\t\t<a class=\"elementor-post__thumbnail__link\" href=\"https:\/\/olszewskipawel.pl\/en\/ile-lat-wytrzymuje-endoproteza-biodra\/\" tabindex=\"-1\">\n\t\t\t<div class=\"elementor-post__thumbnail\"><img loading=\"lazy\" decoding=\"async\" width=\"800\" height=\"448\" src=\"https:\/\/olszewskipawel.pl\/wp-content\/uploads\/2026\/03\/ile-lat-wytrzymuje-endoproteza-biodra-1024x574.jpg\" class=\"attachment-large size-large wp-image-2042\" alt=\"ile lat wytrzymuje endoproteza biodra\" srcset=\"https:\/\/olszewskipawel.pl\/wp-content\/uploads\/2026\/03\/ile-lat-wytrzymuje-endoproteza-biodra-1024x574.jpg 1024w, https:\/\/olszewskipawel.pl\/wp-content\/uploads\/2026\/03\/ile-lat-wytrzymuje-endoproteza-biodra-300x168.jpg 300w, https:\/\/olszewskipawel.pl\/wp-content\/uploads\/2026\/03\/ile-lat-wytrzymuje-endoproteza-biodra-768x430.jpg 768w, https:\/\/olszewskipawel.pl\/wp-content\/uploads\/2026\/03\/ile-lat-wytrzymuje-endoproteza-biodra-1536x861.jpg 1536w, https:\/\/olszewskipawel.pl\/wp-content\/uploads\/2026\/03\/ile-lat-wytrzymuje-endoproteza-biodra-18x10.jpg 18w, https:\/\/olszewskipawel.pl\/wp-content\/uploads\/2026\/03\/ile-lat-wytrzymuje-endoproteza-biodra.jpg 2000w\" sizes=\"(max-width: 800px) 100vw, 800px\" \/><\/div>\n\t\t<\/a>\n\t\t\t\t<div class=\"elementor-post__text\">\n\t\t\t\t<h3 class=\"elementor-post__title\">\n\t\t\t<a href=\"https:\/\/olszewskipawel.pl\/en\/ile-lat-wytrzymuje-endoproteza-biodra\/\">\n\t\t\t\tIle lat wytrzymuje endoproteza biodra? Trwa\u0142o\u015b\u0107 i porady\t\t\t<\/a>\n\t\t<\/h3>\n\t\t\t\t<div class=\"elementor-post__meta-data\">\n\t\t\t\t\t<span class=\"elementor-post-author\">\n\t\t\tDr Pawe\u0142 Olszewski\t\t<\/span>\n\t\t\t\t<span class=\"elementor-post-date\">\n\t\t\tMarch 26, 2026\t\t<\/span>\n\t\t\t\t<\/div>\n\t\t\t\t<div class=\"elementor-post__excerpt\">\n\t\t\t<p>Endoproteza stawu biodrowego potrafi realnie odmieni\u0107 codzienno\u015b\u0107: zmniejszy\u0107 b\u00f3l, poprawi\u0107 sen, przywr\u00f3ci\u0107 samodzielno\u015b\u0107 i u\u0142atwi\u0107 powr\u00f3t do ruchu. Nic dziwnego, \u017ce obok pytania \u201eczy to pomo\u017ce?\u201d szybko pojawia si\u0119 kolejne: \u201ena ile lat to wystarczy?\u201d. Odpowied\u017a jest optymistyczna, ale nie zero-jedynkowa. Trwa\u0142o\u015b\u0107 endoprotezy zale\u017cy nie tylko od materia\u0142\u00f3w i typu implantu, lecz tak\u017ce od tego, jak go \u201eu\u017cywamy\u201d na co<\/p>\n\t\t<\/div>\n\t\t\n\t\t<a class=\"elementor-post__read-more\" href=\"https:\/\/olszewskipawel.pl\/en\/ile-lat-wytrzymuje-endoproteza-biodra\/\" aria-label=\"Read more about Ile lat wytrzymuje endoproteza biodra? Trwa\u0142o\u015b\u0107 i porady\" tabindex=\"-1\">\n\t\t\tRead more\t\t<\/a>\n\n\t\t\t\t<\/div>\n\t\t\t\t<\/article>\n\t\t\t\t<article class=\"elementor-post elementor-grid-item post-2034 post type-post status-publish format-standard has-post-thumbnail hentry category-blog\" role=\"listitem\">\n\t\t\t\t<a class=\"elementor-post__thumbnail__link\" href=\"https:\/\/olszewskipawel.pl\/en\/blizna-po-endoprotezoplastyce-kolana-wszystko-co-musisz-wiedziec\/\" tabindex=\"-1\">\n\t\t\t<div class=\"elementor-post__thumbnail\"><img loading=\"lazy\" decoding=\"async\" width=\"800\" height=\"533\" src=\"https:\/\/olszewskipawel.pl\/wp-content\/uploads\/2026\/03\/blizna-po-endoprotezie-kolana-1024x682.jpg\" class=\"attachment-large size-large wp-image-2035\" alt=\"blizna po endoprotezie kolana\" srcset=\"https:\/\/olszewskipawel.pl\/wp-content\/uploads\/2026\/03\/blizna-po-endoprotezie-kolana-1024x682.jpg 1024w, https:\/\/olszewskipawel.pl\/wp-content\/uploads\/2026\/03\/blizna-po-endoprotezie-kolana-300x200.jpg 300w, https:\/\/olszewskipawel.pl\/wp-content\/uploads\/2026\/03\/blizna-po-endoprotezie-kolana-768x512.jpg 768w, https:\/\/olszewskipawel.pl\/wp-content\/uploads\/2026\/03\/blizna-po-endoprotezie-kolana-1536x1024.jpg 1536w, https:\/\/olszewskipawel.pl\/wp-content\/uploads\/2026\/03\/blizna-po-endoprotezie-kolana-18x12.jpg 18w, https:\/\/olszewskipawel.pl\/wp-content\/uploads\/2026\/03\/blizna-po-endoprotezie-kolana.jpg 2000w\" sizes=\"(max-width: 800px) 100vw, 800px\" \/><\/div>\n\t\t<\/a>\n\t\t\t\t<div class=\"elementor-post__text\">\n\t\t\t\t<h3 class=\"elementor-post__title\">\n\t\t\t<a href=\"https:\/\/olszewskipawel.pl\/en\/blizna-po-endoprotezoplastyce-kolana-wszystko-co-musisz-wiedziec\/\">\n\t\t\t\tBlizna po endoprotezoplastyce kolana &#8211; Wszystko co musisz wiedzie\u0107\t\t\t<\/a>\n\t\t<\/h3>\n\t\t\t\t<div class=\"elementor-post__meta-data\">\n\t\t\t\t\t<span class=\"elementor-post-author\">\n\t\t\tDr Pawe\u0142 Olszewski\t\t<\/span>\n\t\t\t\t<span class=\"elementor-post-date\">\n\t\t\tMarch 17, 2026\t\t<\/span>\n\t\t\t\t<\/div>\n\t\t\t\t<div class=\"elementor-post__excerpt\">\n\t\t\t<p>Czeka Ci\u0119 endoproteza kolana? Blizna to jeden z tych element\u00f3w, kt\u00f3ry budzi najwi\u0119cej emocji. Czy b\u0119dzie widoczna? Jak du\u017ca b\u0119dzie? Jednak nie tylko kwestie estetyczne s\u0105 wa\u017cne, znaczenie ma r\u00f3wnie\u017c prawid\u0142owa piel\u0119gnacja blizny, poniewa\u017c nieprawid\u0142owe gojenie mo\u017ce powodowa\u0107 b\u00f3l, a nawet ogranicza\u0107 zakres ruchu i wp\u0142ywa\u0107 negatywnie na jako\u015b\u0107 rehabilitacji. Dowiedz si\u0119, jakie s\u0105 etapy gojenia blizny po endoprotezoplastyce kolana<\/p>\n\t\t<\/div>\n\t\t\n\t\t<a class=\"elementor-post__read-more\" href=\"https:\/\/olszewskipawel.pl\/en\/blizna-po-endoprotezoplastyce-kolana-wszystko-co-musisz-wiedziec\/\" aria-label=\"Read more about Blizna po endoprotezoplastyce kolana &#8211; Wszystko co musisz wiedzie\u0107\" tabindex=\"-1\">\n\t\t\tRead more\t\t<\/a>\n\n\t\t\t\t<\/div>\n\t\t\t\t<\/article>\n\t\t\t\t<article class=\"elementor-post elementor-grid-item post-2028 post type-post status-publish format-standard has-post-thumbnail hentry category-blog\" role=\"listitem\">\n\t\t\t\t<a class=\"elementor-post__thumbnail__link\" href=\"https:\/\/olszewskipawel.pl\/en\/spanie-po-endoprotezie-biodra-jak-zadbac-o-komfort\/\" tabindex=\"-1\">\n\t\t\t<div class=\"elementor-post__thumbnail\"><img loading=\"lazy\" decoding=\"async\" width=\"800\" height=\"534\" src=\"https:\/\/olszewskipawel.pl\/wp-content\/uploads\/2026\/03\/spanie-na-boku-po-endoprotezie-biodra-1024x683.jpg\" class=\"attachment-large size-large wp-image-2033\" alt=\"spanie na boku po endoprotezie biodra\" srcset=\"https:\/\/olszewskipawel.pl\/wp-content\/uploads\/2026\/03\/spanie-na-boku-po-endoprotezie-biodra-1024x683.jpg 1024w, https:\/\/olszewskipawel.pl\/wp-content\/uploads\/2026\/03\/spanie-na-boku-po-endoprotezie-biodra-300x200.jpg 300w, https:\/\/olszewskipawel.pl\/wp-content\/uploads\/2026\/03\/spanie-na-boku-po-endoprotezie-biodra-768x512.jpg 768w, https:\/\/olszewskipawel.pl\/wp-content\/uploads\/2026\/03\/spanie-na-boku-po-endoprotezie-biodra-1536x1025.jpg 1536w, https:\/\/olszewskipawel.pl\/wp-content\/uploads\/2026\/03\/spanie-na-boku-po-endoprotezie-biodra-18x12.jpg 18w, https:\/\/olszewskipawel.pl\/wp-content\/uploads\/2026\/03\/spanie-na-boku-po-endoprotezie-biodra.jpg 2000w\" sizes=\"(max-width: 800px) 100vw, 800px\" \/><\/div>\n\t\t<\/a>\n\t\t\t\t<div class=\"elementor-post__text\">\n\t\t\t\t<h3 class=\"elementor-post__title\">\n\t\t\t<a href=\"https:\/\/olszewskipawel.pl\/en\/spanie-po-endoprotezie-biodra-jak-zadbac-o-komfort\/\">\n\t\t\t\tSpanie po endoprotezie biodra &#8211; Jak zadba\u0107 o komfort?\t\t\t<\/a>\n\t\t<\/h3>\n\t\t\t\t<div class=\"elementor-post__meta-data\">\n\t\t\t\t\t<span class=\"elementor-post-author\">\n\t\t\tDr Pawe\u0142 Olszewski\t\t<\/span>\n\t\t\t\t<span class=\"elementor-post-date\">\n\t\t\tMarch 12, 2026\t\t<\/span>\n\t\t\t\t<\/div>\n\t\t\t\t<div class=\"elementor-post__excerpt\">\n\t\t\t<p>Sen jest jednym z najwa\u017cniejszych element\u00f3w regeneracji organizmu po operacji biodra. To w\u0142a\u015bnie podczas snu zmniejsza si\u0119 b\u00f3l, organizm intensywnie si\u0119 odbudowuje, a tkanki goj\u0105 si\u0119 najszybciej. Nic wi\u0119c dziwnego, \u017ce pacjenci bardzo cz\u0119sto pytaj\u0105 jak bezpiecznie spa\u0107 po endoprotezie stawu biodrowego. Odpowied\u017a nie jest jednak uniwersalna. I to bardzo wa\u017cne, by jasno to podkre\u015bli\u0107. Zalecenia dotycz\u0105ce snu po endoprotezie<\/p>\n\t\t<\/div>\n\t\t\n\t\t<a class=\"elementor-post__read-more\" href=\"https:\/\/olszewskipawel.pl\/en\/spanie-po-endoprotezie-biodra-jak-zadbac-o-komfort\/\" aria-label=\"Read more about Spanie po endoprotezie biodra &#8211; Jak zadba\u0107 o komfort?\" tabindex=\"-1\">\n\t\t\tRead more\t\t<\/a>\n\n\t\t\t\t<\/div>\n\t\t\t\t<\/article>\n\t\t\t\t<\/div>\n\t\t\n\t\t\t\t<div class=\"e-load-more-anchor\" data-page=\"1\" data-max-page=\"4\" data-next-page=\"https:\/\/olszewskipawel.pl\/en\/wp-json\/wp\/v2\/pages\/1874\/page\/2\/\"><\/div>\n\t\t\t\t<nav class=\"elementor-pagination\" aria-label=\"Pagination\">\n\t\t\t<span aria-current=\"page\" class=\"page-numbers current\"><span class=\"elementor-screen-only\">Page<\/span>1<\/span>\n<a class=\"page-numbers\" href=\"https:\/\/olszewskipawel.pl\/en\/wp-json\/wp\/v2\/pages\/1874\/page\/2\/\"><span class=\"elementor-screen-only\">Page<\/span>2<\/a>\n<a class=\"page-numbers\" href=\"https:\/\/olszewskipawel.pl\/en\/wp-json\/wp\/v2\/pages\/1874\/page\/3\/\"><span class=\"elementor-screen-only\">Page<\/span>3<\/a>\n<a class=\"page-numbers\" href=\"https:\/\/olszewskipawel.pl\/en\/wp-json\/wp\/v2\/pages\/1874\/page\/4\/\"><span class=\"elementor-screen-only\">Page<\/span>4<\/a>\t\t<\/nav>\n\t\t\t\t\t\t<\/div>\n\t\t\t\t<\/div>\n\t\t\t\t\t<\/div>\n\t\t\t\t<\/div>\n\t\t\t\t<\/div>","protected":false},"excerpt":{"rendered":"<p>OlszewskiPawel.pl<\/p>","protected":false},"author":1,"featured_media":0,"parent":0,"menu_order":0,"comment_status":"closed","ping_status":"closed","template":"elementor_header_footer","meta":{"footnotes":""},"class_list":["post-1874","page","type-page","status-publish","hentry"],"_links":{"self":[{"href":"https:\/\/olszewskipawel.pl\/en\/wp-json\/wp\/v2\/pages\/1874","targetHints":{"allow":["GET"]}}],"collection":[{"href":"https:\/\/olszewskipawel.pl\/en\/wp-json\/wp\/v2\/pages"}],"about":[{"href":"https:\/\/olszewskipawel.pl\/en\/wp-json\/wp\/v2\/types\/page"}],"author":[{"embeddable":true,"href":"https:\/\/olszewskipawel.pl\/en\/wp-json\/wp\/v2\/users\/1"}],"replies":[{"embeddable":true,"href":"https:\/\/olszewskipawel.pl\/en\/wp-json\/wp\/v2\/comments?post=1874"}],"version-history":[{"count":18,"href":"https:\/\/olszewskipawel.pl\/en\/wp-json\/wp\/v2\/pages\/1874\/revisions"}],"predecessor-version":[{"id":1957,"href":"https:\/\/olszewskipawel.pl\/en\/wp-json\/wp\/v2\/pages\/1874\/revisions\/1957"}],"wp:attachment":[{"href":"https:\/\/olszewskipawel.pl\/en\/wp-json\/wp\/v2\/media?parent=1874"}],"curies":[{"name":"wp","href":"https:\/\/api.w.org\/{rel}","templated":true}]}}